{"id":5,"date":"2019-04-08T13:55:14","date_gmt":"2019-04-08T13:55:14","guid":{"rendered":"https:\/\/colibriwp-work.colibriwp.com\/charity\/colibri-wp\/"},"modified":"2023-02-22T13:34:12","modified_gmt":"2023-02-22T13:34:12","slug":"colibri-wp","status":"publish","type":"page","link":"https:\/\/fahrgastbeirat-landkreis-harburg.de\/","title":{"rendered":"Startseite"},"content":{"rendered":"<div data-colibri-id=\"5-c1\" class=\"style-137 style-local-5-c1 position-relative\">\n  <!---->\n  <div data-colibri-component=\"section\" data-colibri-id=\"5-c2\" id=\"wir-stellen-uns-vor\" class=\"h-section h-section-global-spacing d-flex align-items-lg-center align-items-md-center align-items-center style-166 style-local-5-c2 position-relative\">\n    <!---->\n    <!---->\n    <div class=\"h-section-grid-container h-section-boxed-container\">\n      <div data-colibri-id=\"5-c6\" class=\"h-row-container gutters-row-lg-2 gutters-row-md-2 gutters-row-2 gutters-row-v-lg-2 gutters-row-v-md-2 gutters-row-v-2 style-179 style-local-5-c6 position-relative\">\n        <!---->\n        <div class=\"h-row justify-content-lg-center justify-content-md-center justify-content-center align-items-lg-stretch align-items-md-stretch align-items-stretch gutters-col-lg-2 gutters-col-md-2 gutters-col-2 gutters-col-v-lg-2 gutters-col-v-md-2 gutters-col-v-2\">\n          <!---->\n          <div class=\"h-column h-column-container d-flex h-col-lg-auto h-col-md-auto h-col-auto style-180-outer style-local-5-c7-outer\">\n            <div data-colibri-id=\"5-c7\" class=\"d-flex h-flex-basis h-column__inner h-px-lg-2 h-px-md-2 h-px-2 v-inner-lg-2 v-inner-md-2 v-inner-2 style-180 style-local-5-c7 position-relative\">\n              <!---->\n              <!---->\n              <div class=\"w-100 h-y-container h-column__content h-column__v-align flex-basis-100 align-self-lg-start align-self-md-start align-self-start\">\n                <!---->\n                <div data-colibri-id=\"5-c8\" class=\"h-global-transition-all h-heading style-181 style-local-5-c8 position-relative h-element\">\n                  <!---->\n                  <div class=\"h-heading__outer style-181 style-local-5-c8\">\n                    <!---->\n                    <!---->\n                    <h3 class=\"\"><strong style=\"font-weight: 500;\">Der Fahrgastbeirat <\/strong><span style=\"color: rgb(0, 0, 0);\"><br><\/span><span style=\"color: rgb(0, 0, 0); font-weight: 400; font-size: 90%;\">f\u00fcr den Landkreis Harburg<\/span><span style=\"color: rgb(0, 0, 0); font-weight: 400;\"> <\/span>\n                      <span\n                        style=\"color: rgb(0, 0, 0);\">\n                        <br>&#8211; wir stellen uns vor &#8211;<\/span>\n                    <\/h3>\n                  <\/div>\n                <\/div>\n                <div data-colibri-id=\"5-c9\" class=\"h-lead h-text h-text-component style-182 style-local-5-c9 position-relative h-element\">\n                  <!---->\n                  <!---->\n                  <div class=\"\">\n                    <p>Als Fahrgastbeirat vertreten wir die Interessen der Kunden des \u00f6ffentlichen Nahverkehrs im Landkreis Harburg. Unsere Mitglieder, i.d.R. zwei pro Samtgemeinde, sind selbst langj\u00e4hrige Nutzer des \u00f6ffentlichen Verkehrs. Viermal j\u00e4hrlich\n                      treffen wir uns im Kreishaus zur Plenumssitzung, um aktuelle Themen des \u00f6ffentlichen Nahverkehrs zu besprechen. Unsere eigentliche Arbeit leisten wir jedoch au\u00dferhalb unserer Sitzungen. Hierzu geh\u00f6rt der regelm\u00e4\u00dfige Austausch mit\n                      der Landkreis Verwaltung, den Gemeinde- und Stadtverwaltungen einschlie\u00dflich der Hansestadt Hamburg, den Verkehrsunternehmen, den Regieorganisationen (HVV, LNVG), der Deutschen Bahn (als Betreiber des Schienennetzes) und den politischen\n                      Vertretern. Die Bandbreite der Themen ist gro\u00df und reicht vom Fahrplanangebot \u00fcber die Betriebsqualit\u00e4t bis zum Ausbau des Schienennetzes. <\/p>\n                  <\/div>\n                <\/div>\n              <\/div>\n            <\/div>\n          <\/div>\n        <\/div>\n      <\/div>\n      <div data-colibri-id=\"5-c3\" class=\"h-row-container gutters-row-lg-2 gutters-row-md-2 gutters-row-0 gutters-row-v-lg-2 gutters-row-v-md-2 gutters-row-v-2 style-373 style-local-5-c3 position-relative\">\n        <!---->\n        <div class=\"h-row justify-content-lg-center justify-content-md-center justify-content-center align-items-lg-stretch align-items-md-stretch align-items-stretch gutters-col-lg-2 gutters-col-md-2 gutters-col-0 gutters-col-v-lg-2 gutters-col-v-md-2 gutters-col-v-2\">\n          <!---->\n          <div class=\"h-column h-column-container d-flex h-col-lg-auto h-col-md-auto h-col-auto style-374-outer style-local-5-c4-outer\">\n            <div data-colibri-id=\"5-c4\" class=\"d-flex h-flex-basis h-column__inner h-px-lg-2 h-px-md-2 h-px-2 v-inner-lg-2 v-inner-md-2 v-inner-2 style-374 style-local-5-c4 position-relative\">\n              <!---->\n              <!---->\n              <div class=\"w-100 h-y-container h-column__content h-column__v-align flex-basis-100 align-self-lg-start align-self-md-start align-self-start\">\n                <!---->\n                <div data-colibri-id=\"5-c5\" class=\"h-divider style-372 style-local-5-c5 position-relative h-element\">\n                  <!----><span class=\"h-divider__line style-372-line style-local-5-c5-line style-372-line style-local-5-c5-line\"><\/span> <span class=\"h-svg-icon h-divider__icon style-372-icon style-local-5-c5-icon\"><!--Icon by Font Awesome (https:\/\/fontawesome.com)--><svg version=\"1.1\" xmlns=\"http:\/\/www.w3.org\/2000\/svg\" xmlns:xlink=\"http:\/\/www.w3.org\/1999\/xlink\" id=\"train\" viewBox=\"0 0 1536 1896.0833\"><path d=\"M1088 0q185 0 316.5 93.5T1536 320v896q0 130-125.5 222t-305.5 97l213 202q16 15 8 35t-30 20H240q-22 0-30-20t8-35l213-202q-180-5-305.5-97T0 1216V320Q0 187 131.5 93.5T448 0h640zM768 1344q80 0 136-56t56-136-56-136-136-56-136 56-56 136 56 136 136 56zm576-576V256H192v512h1152z\"><\/path><\/svg><\/span>                  <span class=\"h-divider__line style-372-line style-local-5-c5-line style-372-line style-local-5-c5-line\"><\/span><\/div>\n              <\/div>\n            <\/div>\n          <\/div>\n        <\/div>\n      <\/div>\n    <\/div>\n  <\/div>\n  <div data-colibri-component=\"section\" data-colibri-id=\"5-c10\" id=\"wer-macht-was\" class=\"h-section h-section-global-spacing d-flex align-items-lg-center align-items-md-center align-items-center style-377 style-local-5-c10 position-relative\">\n    <!---->\n    <!---->\n    <div class=\"h-section-grid-container h-section-boxed-container\">\n      <!---->\n      <div data-colibri-id=\"5-c11\" class=\"h-row-container gutters-row-lg-2 gutters-row-md-2 gutters-row-0 gutters-row-v-lg-2 gutters-row-v-md-2 gutters-row-v-2 style-378 style-local-5-c11 position-relative\">\n        <!---->\n        <div class=\"h-row justify-content-lg-center justify-content-md-center justify-content-center align-items-lg-stretch align-items-md-stretch align-items-stretch gutters-col-lg-2 gutters-col-md-2 gutters-col-0 gutters-col-v-lg-2 gutters-col-v-md-2 gutters-col-v-2\">\n          <!---->\n          <div class=\"h-column h-column-container d-flex h-col-lg-auto h-col-md-auto h-col-auto style-168-outer style-local-5-c12-outer\">\n            <div data-colibri-id=\"5-c12\" class=\"d-flex h-flex-basis h-column__inner h-px-lg-2 h-px-md-2 h-px-0 v-inner-lg-2 v-inner-md-2 v-inner-0 style-168 style-local-5-c12 position-relative\">\n              <!---->\n              <!---->\n              <div class=\"w-100 h-y-container h-column__content h-column__v-align flex-basis-100 align-self-lg-center align-self-md-center align-self-center\">\n                <!---->\n                <div data-colibri-id=\"5-c13\" class=\"d-block style-169 style-local-5-c13 position-relative h-element\">\n                  <!---->\n                  <div class=\"h-image__frame-container-outer\">\n                    <div class=\"h-image__frame-container\">\n                      <!---->\n                      <!---->\n                      <img loading=\"lazy\" decoding=\"async\" width=\"1152\" height=\"1828\" src=\"https:\/\/fahrgastbeirat-landkreis-harburg.de\/wp-content\/uploads\/2022\/01\/cropped-IMG_20210914_144302-scaled-1.jpg\" class=\"wp-image-357 style-169-image style-local-5-c13-image\" alt=\"\" srcset=\"https:\/\/fahrgastbeirat-landkreis-harburg.de\/wp-content\/uploads\/2022\/01\/cropped-IMG_20210914_144302-scaled-1.jpg 1152w, https:\/\/fahrgastbeirat-landkreis-harburg.de\/wp-content\/uploads\/2022\/01\/cropped-IMG_20210914_144302-scaled-1-189x300.jpg 189w, https:\/\/fahrgastbeirat-landkreis-harburg.de\/wp-content\/uploads\/2022\/01\/cropped-IMG_20210914_144302-scaled-1-645x1024.jpg 645w, https:\/\/fahrgastbeirat-landkreis-harburg.de\/wp-content\/uploads\/2022\/01\/cropped-IMG_20210914_144302-scaled-1-768x1219.jpg 768w, https:\/\/fahrgastbeirat-landkreis-harburg.de\/wp-content\/uploads\/2022\/01\/cropped-IMG_20210914_144302-scaled-1-968x1536.jpg 968w\" sizes=\"auto, (max-width: 1152px) 100vw, 1152px\" \/>\n                      <div class=\"h-image__frame h-image__frame_shadow h-hide-lg h-hide-md h-hide-sm style-169-frameImage style-local-5-c13-frameImage\"><\/div>\n                    <\/div>\n                  <\/div>\n                <\/div>\n              <\/div>\n            <\/div>\n          <\/div>\n          <div class=\"h-column h-column-container d-flex h-col-lg-auto h-col-md-auto h-col-auto style-170-outer style-local-5-c14-outer\">\n            <div data-colibri-id=\"5-c14\" class=\"d-flex h-flex-basis h-column__inner h-px-lg-2 h-px-md-2 h-px-2 v-inner-lg-2 v-inner-md-2 v-inner-2 style-170 style-local-5-c14 position-relative\">\n              <!---->\n              <!---->\n              <div class=\"w-100 h-y-container h-column__content h-column__v-align flex-basis-100 align-self-lg-center align-self-md-center align-self-center\">\n                <!---->\n                <div data-colibri-id=\"5-c15\" class=\"h-global-transition-all h-heading style-171 style-local-5-c15 position-relative h-element\">\n                  <!---->\n                  <div class=\"h-heading__outer style-171 style-local-5-c15\">\n                    <!---->\n                    <!---->\n                    <h3 class=\"\">Wer macht was?<\/h3>\n                  <\/div>\n                <\/div>\n                <div data-colibri-id=\"5-c16\" class=\"h-text h-text-component style-172 style-local-5-c16 position-relative h-element\">\n                  <!---->\n                  <!---->\n                  <div class=\"\">\n                    <p>\u201eDie Bahn m\u00fcsste mal die Strecke ausbauen\u201c, \u201eder metronom muss mal mehr Wagen anh\u00e4ngen\u201c, \u201eder HVV m\u00fcsste mehr Busse einsetzen\u201c, so oder so \u00e4hnlich h\u00f6ren wir es oft. Doch ganz so einfach ist es leider nicht. Und auch wenn am Ende das\n                      Ergebnis z\u00e4hlt, also eine funktionierende Reisekette z\u00e4hlt, so wollen wir hier die Gelegenheit nutzen, einmal zu erkl\u00e4ren, wer macht was im \u00f6ffentlichen Nahverkehr.<\/p>\n                    <p>\n                      <br>\n                    <\/p>\n                    <p>Wieviel Z\u00fcge auf einer Linie im Nahverkehr fahren, entscheiden nicht, wie vielfach angenommen, die Verkehrsunternehmen, also z.B. die metronom Eisenbahngesellschaft, sondern die jeweiligen Bundesl\u00e4nder. In Niedersachsen nimmt die Angebotsplanung\n                      die Landes Nahverkehrsgesellschaft mbH in Hannover wahr, die dem nieders\u00e4chsischen Verkehrsministerium angegliedert ist. \u00dcber die H\u00f6he der zur Verf\u00fcgung gestellten Bestellerentgelte entscheidet das Bundesland somit indirekt \u00fcber\n                      das Zugangebot bei uns im Landkreis.<\/p>\n                    <p>\n                      <br>\n                    <\/p>\n                    <p>\u00c4hnlich l\u00e4uft es im Busverkehr, nur dass das Angebot hier vom Landkreis bestellt wird. In beiden F\u00e4llen ist ein Verkehrsvertrag die Grundlage f\u00fcr die zu erbringenden Leistungen. In diesen Vertr\u00e4gen ist auch geregelt, welche Z\u00fcge mit\n                      wieviel Wagen verkehren oder ob ein gro\u00dfer oder kleiner Bus eingesetzt wird.<\/p>\n                    <p>\n                      <br>\n                    <\/p>\n                    <p>Wenn sie bei uns im Landkreis, in den angrenzenden Landkreisen L\u00fcneburg und Stade und in Hamburg im \u00f6ffentlichen Nahverkehr unterwegs sind, fahren sie zum Tarif des Hamburger Verkehrsverbundes (HVV). Den Preis der Fahrkarten und die\n                      Tarifzoneneinteilung legt der HVV zusammen mit den politischen Vertretern der Landkreise, der Hansestadt Hamburg und dem Land Niedersachsen fest. Die Verkehrsunternehmen haben hierauf keinen Einfluss.<\/p>\n                    <p>\n                      <br>\n                    <\/p>\n                    <p>Das Schienennetz, auf denen die Z\u00fcge der metronom Eisenbahn Gesellschaft, Start Unterelbe und der S-Bahn Hamburg GmbH verkehren wird von der Deutschen Bahn AG, DB Netz, betrieben. Die DB AG ist im Rahmen der mit der Bundesregierung\n                      abgeschlossenen Leistungs- und Finanzierungsvereinbarung f\u00fcr Unterhalt und Wartung des Schienennetzes zust\u00e4ndig. Sie plant und f\u00fchrt zudem die von der Bundesregierung beschlossenen und finanzierten Neu- und Ausbau Ma\u00dfnahmen durch.\n                      F\u00fcr den Ausbau des Schienennetzes ist, analog zu den Bundesstra\u00dfen \u2013 und Bundesautobahnen, somit die Bundesregierung zust\u00e4ndig.<\/p>\n                  <\/div>\n                <\/div>\n              <\/div>\n            <\/div>\n          <\/div>\n        <\/div>\n      <\/div>\n    <\/div>\n  <\/div>\n  <div data-colibri-component=\"section\" data-colibri-id=\"5-c21\" id=\"angebot\" class=\"h-section h-section-global-spacing d-flex align-items-lg-center align-items-md-center align-items-center style-199 style-local-5-c21 position-relative\">\n    <!---->\n    <!---->\n    <div class=\"h-section-grid-container h-section-boxed-container\">\n      <!---->\n      <div data-colibri-id=\"5-c22\" class=\"h-row-container gutters-row-lg-2 gutters-row-md-2 gutters-row-2 gutters-row-v-lg-2 gutters-row-v-md-2 gutters-row-v-2 style-200 style-local-5-c22 position-relative\">\n        <!---->\n        <div class=\"h-row justify-content-lg-center justify-content-md-center justify-content-center align-items-lg-stretch align-items-md-stretch align-items-stretch gutters-col-lg-2 gutters-col-md-2 gutters-col-2 gutters-col-v-lg-2 gutters-col-v-md-2 gutters-col-v-2\">\n          <!---->\n          <div class=\"h-column h-column-container d-flex h-col-lg-auto h-col-md-auto h-col-auto style-201-outer style-local-5-c23-outer\">\n            <div data-colibri-id=\"5-c23\" class=\"d-flex h-flex-basis h-column__inner h-px-lg-2 h-px-md-2 h-px-2 v-inner-lg-2 v-inner-md-2 v-inner-2 style-201 style-local-5-c23 position-relative\">\n              <!---->\n              <!---->\n              <div class=\"w-100 h-y-container h-column__content h-column__v-align flex-basis-100 align-self-lg-start align-self-md-start align-self-start\">\n                <!---->\n                <div data-colibri-id=\"5-c24\" class=\"h-global-transition-all h-heading style-202 style-local-5-c24 position-relative h-element\">\n                  <!---->\n                  <div class=\"h-heading__outer style-202 style-local-5-c24\">\n                    <!---->\n                    <!---->\n                    <h2 class=\"\"><span style=\"color: rgb(4, 4, 4);\">Das Angebot<\/span> des \u00f6ffentlichen Verkehrs\n                      <br>bei uns im Landkreis<\/h2>\n                  <\/div>\n                <\/div>\n                <div data-colibri-id=\"5-c25\" class=\"h-text h-text-component style-203 style-local-5-c25 position-relative h-element\">\n                  <!---->\n                  <!---->\n                  <div class=\"\">\n                    <p>In den letzten 20 Jahren wurde das Angebot des \u00f6ffentlichen Nahverkehrs auch im s\u00fcdlichen Hamburger Umland und damit im Landkreis Harburg deutlich ausgebaut. Der zunehmend notwendige Klimaschutz auch im Verkehrssektor sowie die stetig\n                      zunehmenden Fahrgastzahlen im \u00f6ffentlichen Verkehr machten diesen deutlichen Angebotsausbau notwendig. Im Einzelnen stellt sich das heutige Angebot wie folgt dar: <\/p>\n                    <p>\n                      <br>\n                    <\/p>\n                    <p>\n                      <u style=\"font-weight: 400;\">Schienenverkehr<\/u>\n                      <br>\n                    <\/p>\n                    <p>\n                      <br>\n                    <\/p>\n                    <p>Kern des \u00f6ffentlichen Verkehrs bei uns im Landkreis sowie nach Hamburg bildet das Angebot auf der Schiene mit den Linien S3\/S31, RE3, RE4, RB31, RB41 und RB46. Dabei verkehren die Linien RE3 (Uelzen \u2013 L\u00fcneburg) \u2013 Winsen \u2013 Hamburg Harburg\n                      \u2013 Hamburg Hbf, RE4 (Bremen \u2013 Rotenburg) \u2013 Tostedt \u2013 Buchholz \u2013 Hamburg Harburg \u2013 Hamburg Hbf , RB31 (L\u00fcneburg) \u2013 Winsen \u2013 Stelle \u2013 Hamburg Harburg \u2013 Hamburg Hbf, RB41 (Bremen \u2013 Rotenburg \u2013 Schee\u00dfel) \u2013 Tostedt \u2013 Buchholz \u2013 Klecken\n                      \u2013 Hamburg Harburg Harburg \u2013 Hamburg Hbf und RB 46 (Hannover \u2013 Walsrode \u2013 Soltau \u2013 Schneverdingen) \u2013 Handeloh \u2013 Holm Seppensen \u2013 Buchholz minimal alle 60 Minuten. In den Hauptverkehrszeiten wird das Angebot durch Zusatzfahrten verdichtet.\n                      Durch die \u00dcberlagerung der Linien RE4 und RB41 besteht zwischen Tostedt, Buchholz und Hamburg bis in die Abendstunden sogar ganzt\u00e4gig ein halbst\u00fcndliches Angebot. <\/p>\n                    <p>\n                      <br>\n                    <\/p>\n                    <p>\n                      <u style=\"font-weight: 400;\">Busverkehr<\/u>\n                    <\/p>\n                    <p>\n                      <br>\n                    <\/p>\n                    <p>Im Rahmen der Verbesserungen der letzten Jahre wurde auch das Angebot der Buslinien deutlich ausgebaut. Neben Taktverdichtungen wurde einige Linien konsequent auf den Schienenverkehr ausgerichtet, um k\u00fcrzere Reisezeiten nach Hamburg\n                      zu realisieren. Zudem wurde ein Netz von sog. Regionalen Hauptlinien geschaffen. Hierzu z\u00e4hlen die Linien 149, 248, 4039, 4148, 4200, 4207, 4210, 4400, 4405 und 4406. Diese Linien verkehren auf ihren Kernlinienabschnitten Mo \u2013 Fr\n                      minimal alle 2 Stunden, i.d.R. h\u00e4ufiger, und in der Hauptverkehrszeit minimal jede 1 Stunde, an Samstagen und Sonntagen minimal alle 2 Stunden, Samstags ebenfalls h\u00e4ufig \u00f6fter. Auf den Linien 4200, 4207 und 4406 werden in den N\u00e4chten\n                      von Freitag auf Samstag und Samstag auf Sonntag zudem einzelne Nachtfahrten f\u00fcr Sp\u00e4theimkehrer angeboten. <\/p>\n                    <p>\n                      <br>\n                    <\/p>\n                    <p>Weitere Regionallinien erg\u00e4nzen das Angebot in der Fl\u00e4che und verdichten das Angebot der regionalen Hauptlinien auf gemeinsamen Linienabschnitten, so z.B. zwischen Buchholz \u2013 Jesteburg und Asendorf (4207 und 4408), Winsen und Pattensen\n                      (4406 und 4407), Neu Wulmstorf und Elstorf (4039 und 4038) , Moisburg und Hollenstedt (4039 und 2038). Orts- und Stadtverkehre werden in Buchholz, Winsen und Tostedt angeboten. Direkte Verbindungen in die Nachbarlandkreise bestehen\n                      mit den Linien 2038 (Hollenstedt \u2013 Buxtehude), 3860 (Tostedt \u2013 Sittensen \u2013 Zeven), 5200 (Hanstedt \u2013 Salzhausen \u2013 L\u00fcneburg), 5402 (Winsen \u2013 L\u00fcneburg) und 5405 (Niedermarschacht \u2013 L\u00fcneburg).<\/p>\n                  <\/div>\n                <\/div>\n              <\/div>\n            <\/div>\n          <\/div>\n        <\/div>\n      <\/div>\n    <\/div>\n  <\/div>\n<\/div>","protected":false},"excerpt":{"rendered":"<p>Der Fahrgastbeirat f\u00fcr den Landkreis Harburg &#8211; wir stellen uns vor &#8211; Als Fahrgastbeirat vertreten wir die Interessen der Kunden des \u00f6ffentlichen Nahverkehrs im Landkreis Harburg. Unsere Mitglieder, i.d.R. zwei pro Samtgemeinde, sind selbst langj\u00e4hrige Nutzer des \u00f6ffentlichen Verkehrs. Viermal j\u00e4hrlich treffen wir uns im Kreishaus zur Plenumssitzung, um aktuelle Themen des \u00f6ffentlichen Nahverkehrs zu [&hellip;]<\/p>\n","protected":false},"author":1,"featured_media":0,"parent":0,"menu_order":0,"comment_status":"closed","ping_status":"closed","template":"page-templates\/full-width-page.php","meta":{"footnotes":""},"class_list":["post-5","page","type-page","status-publish","hentry"],"_links":{"self":[{"href":"https:\/\/fahrgastbeirat-landkreis-harburg.de\/index.php\/wp-json\/wp\/v2\/pages\/5","targetHints":{"allow":["GET"]}}],"collection":[{"href":"https:\/\/fahrgastbeirat-landkreis-harburg.de\/index.php\/wp-json\/wp\/v2\/pages"}],"about":[{"href":"https:\/\/fahrgastbeirat-landkreis-harburg.de\/index.php\/wp-json\/wp\/v2\/types\/page"}],"author":[{"embeddable":true,"href":"https:\/\/fahrgastbeirat-landkreis-harburg.de\/index.php\/wp-json\/wp\/v2\/users\/1"}],"replies":[{"embeddable":true,"href":"https:\/\/fahrgastbeirat-landkreis-harburg.de\/index.php\/wp-json\/wp\/v2\/comments?post=5"}],"version-history":[{"count":17,"href":"https:\/\/fahrgastbeirat-landkreis-harburg.de\/index.php\/wp-json\/wp\/v2\/pages\/5\/revisions"}],"predecessor-version":[{"id":703,"href":"https:\/\/fahrgastbeirat-landkreis-harburg.de\/index.php\/wp-json\/wp\/v2\/pages\/5\/revisions\/703"}],"wp:attachment":[{"href":"https:\/\/fahrgastbeirat-landkreis-harburg.de\/index.php\/wp-json\/wp\/v2\/media?parent=5"}],"curies":[{"name":"wp","href":"https:\/\/api.w.org\/{rel}","templated":true}]}}